{"id":1945,"date":"2021-11-25T08:31:05","date_gmt":"2021-11-25T08:31:05","guid":{"rendered":"https:\/\/probodyweb.be\/?page_id=1945"},"modified":"2021-11-25T09:37:15","modified_gmt":"2021-11-25T09:37:15","slug":"privacybeleid","status":"publish","type":"page","link":"https:\/\/probody.be\/nl\/privacybeleid\/","title":{"rendered":"Privacybeleid"},"content":{"rendered":"\t\t<div data-elementor-type=\"wp-page\" data-elementor-id=\"1945\" class=\"elementor elementor-1945 elementor-1216\">\n\t\t\t\t\t\t<section class=\"elementor-section elementor-top-section elementor-element elementor-element-6d41a22 elementor-section-full_width elementor-section-height-default elementor-section-height-default\" data-id=\"6d41a22\" data-element_type=\"section\" data-settings=\"{&quot;jet_parallax_layout_list&quot;:[{&quot;jet_parallax_layout_image&quot;:{&quot;url&quot;:&quot;&quot;,&quot;id&quot;:&quot;&quot;,&quot;size&quot;:&quot;&quot;},&quot;_id&quot;:&quot;704dcd8&quot;,&quot;jet_parallax_layout_image_tablet&quot;:{&quot;url&quot;:&quot;&quot;,&quot;id&quot;:&quot;&quot;,&quot;size&quot;:&quot;&quot;},&quot;jet_parallax_layout_image_mobile&quot;:{&quot;url&quot;:&quot;&quot;,&quot;id&quot;:&quot;&quot;,&quot;size&quot;:&quot;&quot;},&quot;jet_parallax_layout_speed&quot;:{&quot;unit&quot;:&quot;%&quot;,&quot;size&quot;:50,&quot;sizes&quot;:[]},&quot;jet_parallax_layout_type&quot;:&quot;scroll&quot;,&quot;jet_parallax_layout_direction&quot;:null,&quot;jet_parallax_layout_fx_direction&quot;:null,&quot;jet_parallax_layout_z_index&quot;:&quot;&quot;,&quot;jet_parallax_layout_bg_x&quot;:50,&quot;jet_parallax_layout_bg_x_tablet&quot;:&quot;&quot;,&quot;jet_parallax_layout_bg_x_mobile&quot;:&quot;&quot;,&quot;jet_parallax_layout_bg_y&quot;:50,&quot;jet_parallax_layout_bg_y_tablet&quot;:&quot;&quot;,&quot;jet_parallax_layout_bg_y_mobile&quot;:&quot;&quot;,&quot;jet_parallax_layout_bg_size&quot;:&quot;auto&quot;,&quot;jet_parallax_layout_bg_size_tablet&quot;:&quot;&quot;,&quot;jet_parallax_layout_bg_size_mobile&quot;:&quot;&quot;,&quot;jet_parallax_layout_animation_prop&quot;:&quot;transform&quot;,&quot;jet_parallax_layout_on&quot;:[&quot;desktop&quot;,&quot;tablet&quot;]}]}\">\n\t\t\t\t\t\t<div class=\"elementor-container elementor-column-gap-no\">\n\t\t\t\t\t<div class=\"elementor-column elementor-col-100 elementor-top-column elementor-element elementor-element-916e9f1\" data-id=\"916e9f1\" data-element_type=\"column\">\n\t\t\t<div class=\"elementor-widget-wrap elementor-element-populated\">\n\t\t\t\t\t\t<div class=\"elementor-element elementor-element-d3985c6 elementor-widget elementor-widget-raven-image\" data-id=\"d3985c6\" data-element_type=\"widget\" data-widget_type=\"raven-image.default\">\n\t\t\t\t<div class=\"elementor-widget-container\">\n\t\t\t\t\t\t\t<div class=\"raven-image\">\n\t\t\n\t\t\n\t\t<img fetchpriority=\"high\" decoding=\"async\" width=\"1920\" height=\"755\" src=\"https:\/\/probody.be\/wp-content\/uploads\/2021\/11\/Probody-grains-header-background.png\" class=\"attachment-full size-full wp-image-1916\" alt=\"\" srcset=\"https:\/\/probody.be\/wp-content\/uploads\/2021\/11\/Probody-grains-header-background.png 1920w, https:\/\/probody.be\/wp-content\/uploads\/2021\/11\/Probody-grains-header-background-300x118.png 300w, https:\/\/probody.be\/wp-content\/uploads\/2021\/11\/Probody-grains-header-background-1024x403.png 1024w, https:\/\/probody.be\/wp-content\/uploads\/2021\/11\/Probody-grains-header-background-768x302.png 768w, https:\/\/probody.be\/wp-content\/uploads\/2021\/11\/Probody-grains-header-background-1536x604.png 1536w\" sizes=\"(max-width: 1920px) 100vw, 1920px\" \/>\t\t<\/div>\n\t\t\t\t\t\t<\/div>\n\t\t\t\t<\/div>\n\t\t\t\t\t<\/div>\n\t\t<\/div>\n\t\t\t\t\t<\/div>\n\t\t<\/section>\n\t\t\t\t<section class=\"elementor-section elementor-top-section elementor-element elementor-element-bd3af55 elementor-section-boxed elementor-section-height-default elementor-section-height-default\" data-id=\"bd3af55\" data-element_type=\"section\" data-settings=\"{&quot;jet_parallax_layout_list&quot;:[{&quot;jet_parallax_layout_image&quot;:{&quot;url&quot;:&quot;&quot;,&quot;id&quot;:&quot;&quot;,&quot;size&quot;:&quot;&quot;},&quot;_id&quot;:&quot;9bc7f93&quot;,&quot;jet_parallax_layout_image_tablet&quot;:{&quot;url&quot;:&quot;&quot;,&quot;id&quot;:&quot;&quot;,&quot;size&quot;:&quot;&quot;},&quot;jet_parallax_layout_image_mobile&quot;:{&quot;url&quot;:&quot;&quot;,&quot;id&quot;:&quot;&quot;,&quot;size&quot;:&quot;&quot;},&quot;jet_parallax_layout_speed&quot;:{&quot;unit&quot;:&quot;%&quot;,&quot;size&quot;:50,&quot;sizes&quot;:[]},&quot;jet_parallax_layout_type&quot;:&quot;scroll&quot;,&quot;jet_parallax_layout_direction&quot;:null,&quot;jet_parallax_layout_fx_direction&quot;:null,&quot;jet_parallax_layout_z_index&quot;:&quot;&quot;,&quot;jet_parallax_layout_bg_x&quot;:50,&quot;jet_parallax_layout_bg_x_tablet&quot;:&quot;&quot;,&quot;jet_parallax_layout_bg_x_mobile&quot;:&quot;&quot;,&quot;jet_parallax_layout_bg_y&quot;:50,&quot;jet_parallax_layout_bg_y_tablet&quot;:&quot;&quot;,&quot;jet_parallax_layout_bg_y_mobile&quot;:&quot;&quot;,&quot;jet_parallax_layout_bg_size&quot;:&quot;auto&quot;,&quot;jet_parallax_layout_bg_size_tablet&quot;:&quot;&quot;,&quot;jet_parallax_layout_bg_size_mobile&quot;:&quot;&quot;,&quot;jet_parallax_layout_animation_prop&quot;:&quot;transform&quot;,&quot;jet_parallax_layout_on&quot;:[&quot;desktop&quot;,&quot;tablet&quot;]}]}\">\n\t\t\t\t\t\t<div class=\"elementor-container elementor-column-gap-default\">\n\t\t\t\t\t<div class=\"elementor-column elementor-col-50 elementor-top-column elementor-element elementor-element-e86edb9\" data-id=\"e86edb9\" data-element_type=\"column\">\n\t\t\t<div class=\"elementor-widget-wrap elementor-element-populated\">\n\t\t\t\t\t\t<div class=\"elementor-element elementor-element-b270862 elementor-align-left elementor-widget elementor-widget-raven-heading\" data-id=\"b270862\" data-element_type=\"widget\" data-widget_type=\"raven-heading.default\">\n\t\t\t\t<div class=\"elementor-widget-container\">\n\t\t\t\t\t\t\t<div class=\"raven-widget-wrapper\"><h2 class=\"raven-heading raven-heading-h2\"><span class=\"raven-heading-title \">1. En quoi consiste cette politique ?<\/span><\/h2><\/div>\n\t\t\t\t\t\t<\/div>\n\t\t\t\t<\/div>\n\t\t\t\t<div class=\"elementor-element elementor-element-41f1375 elementor-widget elementor-widget-text-editor\" data-id=\"41f1375\" data-element_type=\"widget\" data-widget_type=\"text-editor.default\">\n\t\t\t\t<div class=\"elementor-widget-container\">\n\t\t\t\t\t\t\t\t\t<p class=\"p1\">Cette politique s&#8217;applique aux donn\u00e9es personnelles que nous utilisons de votre part en tant que personne physique. Cette politique ne s&#8217;applique pas aux donn\u00e9es anonymes ou commerciales.<\/p>\t\t\t\t\t\t\t\t<\/div>\n\t\t\t\t<\/div>\n\t\t\t\t<div class=\"elementor-element elementor-element-6fadddb elementor-widget-divider--view-line elementor-widget elementor-widget-divider\" data-id=\"6fadddb\" data-element_type=\"widget\" data-widget_type=\"divider.default\">\n\t\t\t\t<div class=\"elementor-widget-container\">\n\t\t\t\t\t\t\t<div class=\"elementor-divider\">\n\t\t\t<span class=\"elementor-divider-separator\">\n\t\t\t\t\t\t<\/span>\n\t\t<\/div>\n\t\t\t\t\t\t<\/div>\n\t\t\t\t<\/div>\n\t\t\t\t<div class=\"elementor-element elementor-element-a2b114f elementor-align-left elementor-widget elementor-widget-raven-heading\" data-id=\"a2b114f\" data-element_type=\"widget\" data-widget_type=\"raven-heading.default\">\n\t\t\t\t<div class=\"elementor-widget-container\">\n\t\t\t\t\t\t\t<div class=\"raven-widget-wrapper\"><h2 class=\"raven-heading raven-heading-h2\"><span class=\"raven-heading-title \">2. Qui\u00a0utilise vos donn\u00e9es personnelles ?<\/span><\/h2><\/div>\n\t\t\t\t\t\t<\/div>\n\t\t\t\t<\/div>\n\t\t\t\t<div class=\"elementor-element elementor-element-29e75d9 elementor-widget elementor-widget-text-editor\" data-id=\"29e75d9\" data-element_type=\"widget\" data-widget_type=\"text-editor.default\">\n\t\t\t\t<div class=\"elementor-widget-container\">\n\t\t\t\t\t\t\t\t\t<p class=\"p1\">Notre d\u00e9nomination commerciale est Komplet Benelux dont le si\u00e8ge social est \u00e9tabli \u00e0 Lampertskaul,10 L \u2013 9952 Drinkelange . Notre entreprise est enregistr\u00e9e sous le num\u00e9ro d&#8217;entreprise LU 144 339 70. Le num\u00e9ro de t\u00e9l\u00e9phone est le\u00a0+352 99 76 39 et l&#8217;adresse\u00a0e-mail g\u00e9n\u00e9rale\u00a0est info@kompletbenelux.com.<\/p><p class=\"p1\">Nous sommes le &#8217;titulaire&#8217; de la collecte et du\u00a0traitement de\u00a0vos donn\u00e9es personnelles.<\/p>\t\t\t\t\t\t\t\t<\/div>\n\t\t\t\t<\/div>\n\t\t\t\t<div class=\"elementor-element elementor-element-b2799a0 elementor-widget-divider--view-line elementor-widget elementor-widget-divider\" data-id=\"b2799a0\" data-element_type=\"widget\" data-widget_type=\"divider.default\">\n\t\t\t\t<div class=\"elementor-widget-container\">\n\t\t\t\t\t\t\t<div class=\"elementor-divider\">\n\t\t\t<span class=\"elementor-divider-separator\">\n\t\t\t\t\t\t<\/span>\n\t\t<\/div>\n\t\t\t\t\t\t<\/div>\n\t\t\t\t<\/div>\n\t\t\t\t<div class=\"elementor-element elementor-element-6280de4 elementor-align-left elementor-widget elementor-widget-raven-heading\" data-id=\"6280de4\" data-element_type=\"widget\" data-widget_type=\"raven-heading.default\">\n\t\t\t\t<div class=\"elementor-widget-container\">\n\t\t\t\t\t\t\t<div class=\"raven-widget-wrapper\"><h2 class=\"raven-heading raven-heading-h2\"><span class=\"raven-heading-title \">3. Qu'attendons-nous de vous ?<\/span><\/h2><\/div>\n\t\t\t\t\t\t<\/div>\n\t\t\t\t<\/div>\n\t\t\t\t<div class=\"elementor-element elementor-element-8a89749 elementor-widget elementor-widget-text-editor\" data-id=\"8a89749\" data-element_type=\"widget\" data-widget_type=\"text-editor.default\">\n\t\t\t\t<div class=\"elementor-widget-container\">\n\t\t\t\t\t\t\t\t\t<p class=\"p1\">Nous nous attendons \u00e0 ce que vous nous\u00a0communiquiez uniquement vos donn\u00e9es \u00e0 caract\u00e8re personnel. Si vous communiquez \u00e9galement des donn\u00e9es \u00e0 caract\u00e8re personnel\u00a0appartenant\u00a0\u00e0\u00a0d&#8217;autres personnes, vous devez d&#8217;abord vous assurer que vous \u00eates en droit de le faire.<\/p><p class=\"p1\">Nous nous attendons \u00e9galement \u00e0 ce que les donn\u00e9es \u00e0 caract\u00e8re personnel que vous nous communiquez sont correctes. Si vos donn\u00e9es personnelles changent, vous devez nous en avertir personnellement.<\/p>\t\t\t\t\t\t\t\t<\/div>\n\t\t\t\t<\/div>\n\t\t\t\t<div class=\"elementor-element elementor-element-59f8f56 elementor-align-left elementor-widget elementor-widget-raven-heading\" data-id=\"59f8f56\" data-element_type=\"widget\" data-widget_type=\"raven-heading.default\">\n\t\t\t\t<div class=\"elementor-widget-container\">\n\t\t\t\t\t\t\t<div class=\"raven-widget-wrapper\"><h2 class=\"raven-heading raven-heading-h2\"><span class=\"raven-heading-title \">4. Pourquoi utilisons-nous vos donn\u00e9es \u00e0 caract\u00e8re personnel ?<\/span><\/h2><\/div>\n\t\t\t\t\t\t<\/div>\n\t\t\t\t<\/div>\n\t\t\t\t<div class=\"elementor-element elementor-element-8909d34 elementor-widget elementor-widget-text-editor\" data-id=\"8909d34\" data-element_type=\"widget\" data-widget_type=\"text-editor.default\">\n\t\t\t\t<div class=\"elementor-widget-container\">\n\t\t\t\t\t\t\t\t\t<p>Nos intentions de traitement de vos donn\u00e9es \u00e0 caract\u00e8re personnel d\u00e9pendent de la mani\u00e8re dont vous \u00eates entr\u00e9 en contact avec nous.<\/p><p>Les objectifs de traitement de vos donn\u00e9es \u00e0 caract\u00e8re personnel d\u00e9pendent de la mani\u00e8re dont vous \u00eates entr\u00e9 en contact avec nous.<\/p><p>\u00a0<\/p><p class=\"p1\"><b>Vous surfez sur notre site web<\/b><\/p><ul class=\"ul1\"><li class=\"li2\">Nous collectons des informations sur votre utilisation de notre site web afin d&#8217;enregistrer vos pr\u00e9f\u00e9rences, de g\u00e9rer et d&#8217;am\u00e9liorer notre site web. Nous vous r\u00e9f\u00e9rons \u00e0 notre\u00a0<span class=\"s1\">politique en mati\u00e8re de\u00a0cookies<\/span>\u00a0pour plus d&#8217;informations \u00e0 ce sujet.<\/li><\/ul><p class=\"p1\"><b>Vous nous contactez (p.ex. en remplissant un formulaire sur notre site internet, en nous envoyant un e-mail)<\/b><\/p><ul class=\"ul1\"><li class=\"li2\">Nous collectons vos donn\u00e9es \u00e0 caract\u00e8re personnel afin de r\u00e9pondre \u00e0 votre requ\u00eate (p.ex. une demande d&#8217;information, un abonnement \u00e0 notre newsletter, une plainte). Ce traitement est bas\u00e9 sur votre consentement.<\/li><\/ul><p class=\"p1\"><b>Vous cr\u00e9ez un compte personnel sur notre site web<\/b><\/p><ul class=\"ul1\"><li class=\"li2\">Nous traitons vos donn\u00e9es personnelles pour la gestion de nos clients bas\u00e9e sur la performance de l&#8217;accord qui nous lie. Sans vos donn\u00e9es personnelles, nous ne pouvons pas ex\u00e9cuter notre engagement.\u00a0\u00a0<\/li><li class=\"li2\">Nous pourrions \u00e9galement traiter vos donn\u00e9es \u00e0 caract\u00e8re personnel pour le marketing direct de nos produits\/services, sur la base de nos int\u00e9r\u00eats l\u00e9gitimes. Nous estimons qu\u2019il est important de garder nos clients inform\u00e9s \u00e0 propos de nos produits \/services. Ce traitement pourrait induire la compilation d&#8217;un profil. Ce profilage n\u2019a aucune incidence sur vous, si ce n\u2019est que ce traitement pourrait d\u00e9boucher sur une am\u00e9lioration de l\u2019exp\u00e9rience client et des offres personnalis\u00e9es, ce qui serait dans votre int\u00e9r\u00eat. Vous n\u2019\u00eates pas tenu de nous fournir vos donn\u00e9es personnelles \u00e0 cette fin et vous pouvez vous opposer \u00e0 ce traitement (voir article 8 ci-dessous).<\/li><\/ul><div>\u00a0<\/div><div><p class=\"p1\"><b>Dans tous les cas<\/b><\/p><ul class=\"ul1\"><li class=\"li2\">Nous pourrions traiter vos donn\u00e9es \u00e0 caract\u00e8re personnel dans la cadre de la gestion de la conformit\u00e9 et des litiges.<\/li><li class=\"li2\">Nous pourrions rendre anonymes vos donn\u00e9es \u00e0 caract\u00e8re personnel et traiter les donn\u00e9es agr\u00e9g\u00e9es \u00e0 des fins de recherche et d\u00e9veloppement, sur la base de nos int\u00e9r\u00eats l\u00e9gitimes (par ex. statistiques commerciales, analyse de march\u00e9, d\u00e9veloppement de produits\/services).<\/li><li class=\"li2\">Au sein Komplet Benelux, nous estimons que la recherche et le d\u00e9veloppement peuvent d\u00e9boucher sur une am\u00e9lioration de l\u2019exp\u00e9rience client, l\u2019am\u00e9lioration et l\u2019innovation en mati\u00e8re de produits, ce qui aidera les personnes concern\u00e9es par nos produits\/services (\u00e0 savoir, les clients, distributeurs, fournisseurs et consommateurs finaux). Vous n\u2019\u00eates pas tenu de nous fournir vos donn\u00e9es \u00e0 caract\u00e8re personnel \u00e0 cette fin et vous pouvez vous opposer \u00e0 ce traitement (voir article 8 ci-dessous). La recherche et le d\u00e9veloppement pourraient impliquer la compilation d&#8217;un profil. Tous les \u00e9l\u00e9ments d\u2019identification, tels que nom, adresse, etc. seront supprim\u00e9s. Ce profilage n\u2019a aucune incidence sur vous, si ce n\u2019est que ce traitement pourrait d\u00e9boucher sur l\u2019am\u00e9lioration de l\u2019exp\u00e9rience client, l\u2019am\u00e9lioration et l\u2019innovation en mati\u00e8re de produits, ce qui serait dans votre int\u00e9r\u00eat.<\/li><li class=\"li2\">Komplet Benelux pourrait \u00e9galement traiter vos donn\u00e9es \u00e0 caract\u00e8re personnel en tant que contr\u00f4leur, au niveau du groupe, \u00e0 des fins de gestion et recherche globales, sur la base de ses int\u00e9r\u00eats l\u00e9gitimes, de ceux des autres entit\u00e9s du groupe et de leurs parties prenantes. Nous estimons que c\u2019est n\u00e9cessaire pour l\u2019efficacit\u00e9, la coh\u00e9rence et la continuit\u00e9 des op\u00e9rations de Komplet Benelux, mais aussi pour am\u00e9liorer l\u2019exp\u00e9rience client, l\u2019am\u00e9lioration et l\u2019innovation en mati\u00e8re de produits, ce qui aidera les personnes concern\u00e9es par nos produits\/services et contribuera, au final, \u00e0 pr\u00e9server et promouvoir les int\u00e9r\u00eats \u00e9conomiques, commerciaux, sociaux et financiers de Komplet Benelux. Vous n\u2019\u00eates pas tenu de nous fournir vos donn\u00e9es \u00e0 caract\u00e8re personnel \u00e0 cette fin et vous pouvez vous opposer \u00e0 ce traitement (voir article 8 ci-dessous).<\/li><\/ul><\/div>\t\t\t\t\t\t\t\t<\/div>\n\t\t\t\t<\/div>\n\t\t\t\t\t<\/div>\n\t\t<\/div>\n\t\t\t\t<div class=\"elementor-column elementor-col-50 elementor-top-column elementor-element elementor-element-b03f6b8\" data-id=\"b03f6b8\" data-element_type=\"column\">\n\t\t\t<div class=\"elementor-widget-wrap elementor-element-populated\">\n\t\t\t\t\t\t<div class=\"elementor-element elementor-element-2a22ab9 elementor-align-left elementor-widget elementor-widget-raven-heading\" data-id=\"2a22ab9\" data-element_type=\"widget\" data-widget_type=\"raven-heading.default\">\n\t\t\t\t<div class=\"elementor-widget-container\">\n\t\t\t\t\t\t\t<div class=\"raven-widget-wrapper\"><h2 class=\"raven-heading raven-heading-h2\"><span class=\"raven-heading-title \">5. Avec qui partageons-nous vos donn\u00e9es personnelles ?<\/span><\/h2><\/div>\n\t\t\t\t\t\t<\/div>\n\t\t\t\t<\/div>\n\t\t\t\t<div class=\"elementor-element elementor-element-a92b8de elementor-widget elementor-widget-text-editor\" data-id=\"a92b8de\" data-element_type=\"widget\" data-widget_type=\"text-editor.default\">\n\t\t\t\t<div class=\"elementor-widget-container\">\n\t\t\t\t\t\t\t\t\t<p class=\"p1\">Il est possible que vos donn\u00e9es \u00e0 caract\u00e8re personnel soient communiqu\u00e9es \u00e0 nos filiales qui les traitent en notre nom (connus comme &#8216;processeurs&#8217;), \u00e0 des institutions scientifiques dans un contexte de recherche, \u00e0 des tierces-parties lorsqu&#8217;une obligation l\u00e9gale s&#8217;applique, \u00e0 nos partenaires commerciaux, \u00e0 la police et aux autorit\u00e9s judiciaires, \u00e0 leur demande expresse et s&#8217;ils sont habilit\u00e9s \u00e0 demander\/exiger vos donn\u00e9es \u00e0 caract\u00e8re personnel.\u00a0<\/p>\t\t\t\t\t\t\t\t<\/div>\n\t\t\t\t<\/div>\n\t\t\t\t<div class=\"elementor-element elementor-element-b686d80 elementor-widget-divider--view-line elementor-widget elementor-widget-divider\" data-id=\"b686d80\" data-element_type=\"widget\" data-widget_type=\"divider.default\">\n\t\t\t\t<div class=\"elementor-widget-container\">\n\t\t\t\t\t\t\t<div class=\"elementor-divider\">\n\t\t\t<span class=\"elementor-divider-separator\">\n\t\t\t\t\t\t<\/span>\n\t\t<\/div>\n\t\t\t\t\t\t<\/div>\n\t\t\t\t<\/div>\n\t\t\t\t<div class=\"elementor-element elementor-element-11fa820 elementor-align-left elementor-widget elementor-widget-raven-heading\" data-id=\"11fa820\" data-element_type=\"widget\" data-widget_type=\"raven-heading.default\">\n\t\t\t\t<div class=\"elementor-widget-container\">\n\t\t\t\t\t\t\t<div class=\"raven-widget-wrapper\"><h2 class=\"raven-heading raven-heading-h2\"><span class=\"raven-heading-title \">6. Vos donn\u00e9es \u00e0 caract\u00e8re personnel sont-ils transmis en dehors de l'U.E. ?<\/span><\/h2><\/div>\n\t\t\t\t\t\t<\/div>\n\t\t\t\t<\/div>\n\t\t\t\t<div class=\"elementor-element elementor-element-2ac7061 elementor-widget elementor-widget-text-editor\" data-id=\"2ac7061\" data-element_type=\"widget\" data-widget_type=\"text-editor.default\">\n\t\t\t\t<div class=\"elementor-widget-container\">\n\t\t\t\t\t\t\t\t\t<p class=\"p1\">Nous pouvons transf\u00e9rer vos donn\u00e9es \u00e0 caract\u00e8re personnel vers des pays situ\u00e9s en dehors de l\u2019Union europ\u00e9enne, y compris les \u00c9tats-Unis. Chaque transfert sera bas\u00e9 sur des mesures pr\u00e9ventives appropri\u00e9es (d\u00e9cision d\u2019ad\u00e9quation et\/ou clauses standard de protection des donn\u00e9es de la Commission europ\u00e9enne).<\/p>\t\t\t\t\t\t\t\t<\/div>\n\t\t\t\t<\/div>\n\t\t\t\t<div class=\"elementor-element elementor-element-8e437e4 elementor-widget-divider--view-line elementor-widget elementor-widget-divider\" data-id=\"8e437e4\" data-element_type=\"widget\" data-widget_type=\"divider.default\">\n\t\t\t\t<div class=\"elementor-widget-container\">\n\t\t\t\t\t\t\t<div class=\"elementor-divider\">\n\t\t\t<span class=\"elementor-divider-separator\">\n\t\t\t\t\t\t<\/span>\n\t\t<\/div>\n\t\t\t\t\t\t<\/div>\n\t\t\t\t<\/div>\n\t\t\t\t<div class=\"elementor-element elementor-element-db980df elementor-align-left elementor-widget elementor-widget-raven-heading\" data-id=\"db980df\" data-element_type=\"widget\" data-widget_type=\"raven-heading.default\">\n\t\t\t\t<div class=\"elementor-widget-container\">\n\t\t\t\t\t\t\t<div class=\"raven-widget-wrapper\"><h2 class=\"raven-heading raven-heading-h2\"><span class=\"raven-heading-title \">7. Pour combien de temps vos donn\u00e9es sont-elles conserv\u00e9es ?<\/span><\/h2><\/div>\n\t\t\t\t\t\t<\/div>\n\t\t\t\t<\/div>\n\t\t\t\t<div class=\"elementor-element elementor-element-171a6bc elementor-widget elementor-widget-text-editor\" data-id=\"171a6bc\" data-element_type=\"widget\" data-widget_type=\"text-editor.default\">\n\t\t\t\t<div class=\"elementor-widget-container\">\n\t\t\t\t\t\t\t\t\t<p class=\"p1\">Vos donn\u00e9es \u00e0 caract\u00e8re personnel sont conserv\u00e9es aussi longtemps que vous \u00eates en contact avec nous (p.ex. vous demandez de l&#8217;information, vous achetez nos produits, vous vous abonnez \u00e0 notre newsletter) et ce, pour un maximum de 10 ans apr\u00e8s que le contact entre vous et nous ait \u00e9t\u00e9 rompu.\u00a0<\/p>\t\t\t\t\t\t\t\t<\/div>\n\t\t\t\t<\/div>\n\t\t\t\t<div class=\"elementor-element elementor-element-9b448d5 elementor-widget-divider--view-line elementor-widget elementor-widget-divider\" data-id=\"9b448d5\" data-element_type=\"widget\" data-widget_type=\"divider.default\">\n\t\t\t\t<div class=\"elementor-widget-container\">\n\t\t\t\t\t\t\t<div class=\"elementor-divider\">\n\t\t\t<span class=\"elementor-divider-separator\">\n\t\t\t\t\t\t<\/span>\n\t\t<\/div>\n\t\t\t\t\t\t<\/div>\n\t\t\t\t<\/div>\n\t\t\t\t<div class=\"elementor-element elementor-element-ba8a630 elementor-align-left elementor-widget elementor-widget-raven-heading\" data-id=\"ba8a630\" data-element_type=\"widget\" data-widget_type=\"raven-heading.default\">\n\t\t\t\t<div class=\"elementor-widget-container\">\n\t\t\t\t\t\t\t<div class=\"raven-widget-wrapper\"><h2 class=\"raven-heading raven-heading-h2\"><span class=\"raven-heading-title \">8. Quels sont vos droits ?<\/span><\/h2><\/div>\n\t\t\t\t\t\t<\/div>\n\t\t\t\t<\/div>\n\t\t\t\t<div class=\"elementor-element elementor-element-f95bf13 elementor-widget elementor-widget-text-editor\" data-id=\"f95bf13\" data-element_type=\"widget\" data-widget_type=\"text-editor.default\">\n\t\t\t\t<div class=\"elementor-widget-container\">\n\t\t\t\t\t\t\t\t\t<p class=\"p1\">Pour exercer vos droits d\u00e9crits ci-apr\u00e8s, et en accord avec la l\u00e9gislation en vigueur, veuillez nous contacter.\u00a0<\/p><ul class=\"ul1\"><li class=\"li2\">Le retrait de votre consentement pour le traitement de vos donn\u00e9es \u00e0 caract\u00e8re personnel, pour autant que le traitement de vos donn\u00e9es \u00e0 caract\u00e8re personnel est initialement bas\u00e9 sur votre consentement.\u00a0<\/li><li class=\"li2\">L&#8217;accession, la modification, la suppression, la procession, la restriction de vos donn\u00e9es personnelles.\u00a0<\/li><li class=\"li2\">L&#8217;opposition \u00e0 tout marketing direct et\/ou \u00e0 la recherche, d\u00e9veloppement et am\u00e9lioration de nos produits.\u00a0<\/li><li class=\"li2\">La recherche de toute transmission\u00a0de vos donn\u00e9es personnelles que vous nous avez communiqu\u00e9es.\u00a0<\/li><\/ul><p class=\"p1\">Vous pouvez exercer certains de vos droits en modifiant vos pr\u00e9f\u00e9rences dans votre compte personnel (si vous en poss\u00e9dez un).\u00a0<\/p><p class=\"p1\">Vous pouvez exercer tous ces droits en nous contactant \u00e0 l&#8217;adresse ci-dessus (voir article 2) ou \u00e0 l&#8217;adresse\u00a0e-mail\u00a0<span class=\"s1\">info@kompletbenelux.com<\/span>.\u00a0<\/p><p class=\"p1\">Vous avez le droit d&#8217;enregistrer une plainte aupr\u00e8s de la Commission de la protection de la vie priv\u00e9e.<\/p>\t\t\t\t\t\t\t\t<\/div>\n\t\t\t\t<\/div>\n\t\t\t\t<div class=\"elementor-element elementor-element-bbf4b22 elementor-widget-divider--view-line elementor-widget elementor-widget-divider\" data-id=\"bbf4b22\" data-element_type=\"widget\" data-widget_type=\"divider.default\">\n\t\t\t\t<div class=\"elementor-widget-container\">\n\t\t\t\t\t\t\t<div class=\"elementor-divider\">\n\t\t\t<span class=\"elementor-divider-separator\">\n\t\t\t\t\t\t<\/span>\n\t\t<\/div>\n\t\t\t\t\t\t<\/div>\n\t\t\t\t<\/div>\n\t\t\t\t<div class=\"elementor-element elementor-element-e4ba48a elementor-align-left elementor-widget elementor-widget-raven-heading\" data-id=\"e4ba48a\" data-element_type=\"widget\" data-widget_type=\"raven-heading.default\">\n\t\t\t\t<div class=\"elementor-widget-container\">\n\t\t\t\t\t\t\t<div class=\"raven-widget-wrapper\"><h2 class=\"raven-heading raven-heading-h2\"><span class=\"raven-heading-title \">Version 1.1., en vigueur \u00e0 partir du 01\/10\/21\n<\/span><\/h2><\/div>\n\t\t\t\t\t\t<\/div>\n\t\t\t\t<\/div>\n\t\t\t\t\t<\/div>\n\t\t<\/div>\n\t\t\t\t\t<\/div>\n\t\t<\/section>\n\t\t\t\t<\/div>\n\t\t","protected":false},"excerpt":{"rendered":"<p>1. En quoi consiste cette politique ? Cette politique s&#8217;applique aux donn\u00e9es personnelles que nous utilisons de votre part en tant que personne physique. Cette politique ne s&#8217;applique pas aux donn\u00e9es anonymes ou commerciales. 2. Qui\u00a0utilise vos donn\u00e9es personnelles ? Notre d\u00e9nomination commerciale est Komplet Benelux dont le si\u00e8ge social est \u00e9tabli \u00e0 Lampertskaul,10 L [&hellip;]<\/p>\n","protected":false},"author":1,"featured_media":0,"parent":0,"menu_order":0,"comment_status":"closed","ping_status":"closed","template":"elementor_header_footer","meta":{"_acf_changed":false,"_monsterinsights_skip_tracking":false,"_monsterinsights_sitenote_active":false,"_monsterinsights_sitenote_note":"","_monsterinsights_sitenote_category":0,"footnotes":""},"class_list":["post-1945","page","type-page","status-publish","hentry"],"acf":[],"_links":{"self":[{"href":"https:\/\/probody.be\/nl\/wp-json\/wp\/v2\/pages\/1945","targetHints":{"allow":["GET"]}}],"collection":[{"href":"https:\/\/probody.be\/nl\/wp-json\/wp\/v2\/pages"}],"about":[{"href":"https:\/\/probody.be\/nl\/wp-json\/wp\/v2\/types\/page"}],"author":[{"embeddable":true,"href":"https:\/\/probody.be\/nl\/wp-json\/wp\/v2\/users\/1"}],"replies":[{"embeddable":true,"href":"https:\/\/probody.be\/nl\/wp-json\/wp\/v2\/comments?post=1945"}],"version-history":[{"count":5,"href":"https:\/\/probody.be\/nl\/wp-json\/wp\/v2\/pages\/1945\/revisions"}],"predecessor-version":[{"id":1994,"href":"https:\/\/probody.be\/nl\/wp-json\/wp\/v2\/pages\/1945\/revisions\/1994"}],"wp:attachment":[{"href":"https:\/\/probody.be\/nl\/wp-json\/wp\/v2\/media?parent=1945"}],"curies":[{"name":"wp","href":"https:\/\/api.w.org\/{rel}","templated":true}]}}